{"id":8463,"date":"2022-09-06T04:46:09","date_gmt":"2022-09-06T04:46:09","guid":{"rendered":"https:\/\/demo.ovatheme.com\/auntri\/?page_id=10"},"modified":"2026-03-10T13:07:41","modified_gmt":"2026-03-10T13:07:41","slug":"anasayfa","status":"publish","type":"page","link":"https:\/\/tkr.makinem.com\/","title":{"rendered":"As Lazer Makina"},"content":{"rendered":"\t\t<div data-elementor-type=\"wp-page\" data-elementor-id=\"8463\" class=\"elementor elementor-8463\" data-elementor-post-type=\"page\">\n\t\t\t\t\t\t<section class=\"elementor-section elementor-top-section elementor-element elementor-element-e6edf26 elementor-section-full_width elementor-section-height-default elementor-section-height-default\" data-id=\"e6edf26\" data-element_type=\"section\" data-e-type=\"section\">\n\t\t\t\t\t\t<div class=\"elementor-container elementor-column-gap-no\">\n\t\t\t\t\t<div class=\"elementor-column elementor-col-100 elementor-top-column elementor-element elementor-element-28a6aa9\" data-id=\"28a6aa9\" data-element_type=\"column\" data-e-type=\"column\">\n\t\t\t<div class=\"elementor-widget-wrap\">\n\t\t\t\t\t\t\t<\/div>\n\t\t<\/div>\n\t\t\t\t\t<\/div>\n\t\t<\/section>\n\t\t\t\t<section class=\"elementor-section elementor-top-section elementor-element elementor-element-988fc29 elementor-section-full_width elementor-section-height-default elementor-section-height-default\" data-id=\"988fc29\" data-element_type=\"section\" data-e-type=\"section\" data-settings=\"{&quot;background_background&quot;:&quot;classic&quot;}\">\n\t\t\t\t\t\t\t<div class=\"elementor-background-overlay\"><\/div>\n\t\t\t\t\t\t\t<div class=\"elementor-container elementor-column-gap-default\">\n\t\t\t\t\t<div class=\"elementor-column elementor-col-100 elementor-top-column elementor-element elementor-element-e076bc4\" data-id=\"e076bc4\" data-element_type=\"column\" data-e-type=\"column\">\n\t\t\t<div class=\"elementor-widget-wrap elementor-element-populated\">\n\t\t\t\t\t\t<div class=\"elementor-element elementor-element-419583d elementor--h-position-center elementor--v-position-middle elementor-arrows-position-inside elementor-pagination-position-inside elementor-widget elementor-widget-slides\" data-id=\"419583d\" data-element_type=\"widget\" data-e-type=\"widget\" data-settings=\"{&quot;navigation&quot;:&quot;both&quot;,&quot;autoplay&quot;:&quot;yes&quot;,&quot;pause_on_hover&quot;:&quot;yes&quot;,&quot;pause_on_interaction&quot;:&quot;yes&quot;,&quot;autoplay_speed&quot;:5000,&quot;infinite&quot;:&quot;yes&quot;,&quot;transition&quot;:&quot;slide&quot;,&quot;transition_speed&quot;:500}\" data-widget_type=\"slides.default\">\n\t\t\t\t<div class=\"elementor-widget-container\">\n\t\t\t\t\t\t\t\t\t<div class=\"elementor-swiper\">\n\t\t\t\t\t<div class=\"elementor-slides-wrapper elementor-main-swiper swiper\" role=\"region\" aria-roledescription=\"carousel\" aria-label=\"Slides\" dir=\"ltr\" data-animation=\"fadeInUp\">\n\t\t\t\t<div class=\"swiper-wrapper elementor-slides\">\n\t\t\t\t\t\t\t\t\t\t<div class=\"elementor-repeater-item-ff3f164 swiper-slide\" role=\"group\" aria-roledescription=\"slide\"><div class=\"swiper-slide-bg\" role=\"img\" aria-label=\"Gemini_Generated_Image_zh345zh345zh345z\"><\/div><div class=\"swiper-slide-inner\" ><div class=\"swiper-slide-contents\"><\/div><\/div><\/div>\t\t\t\t<\/div>\n\t\t\t\t\t\t\t<\/div>\n\t\t\t\t<\/div>\n\t\t\t\t\t\t\t\t<\/div>\n\t\t\t\t<\/div>\n\t\t\t\t\t<\/div>\n\t\t<\/div>\n\t\t\t\t\t<\/div>\n\t\t<\/section>\n\t\t\t\t<section class=\"elementor-section elementor-top-section elementor-element elementor-element-3dc97ad elementor-section-boxed elementor-section-height-default elementor-section-height-default\" data-id=\"3dc97ad\" data-element_type=\"section\" data-e-type=\"section\" data-settings=\"{&quot;background_background&quot;:&quot;classic&quot;}\">\n\t\t\t\t\t\t\t<div class=\"elementor-background-overlay\"><\/div>\n\t\t\t\t\t\t\t<div class=\"elementor-container elementor-column-gap-no\">\n\t\t\t\t\t<div class=\"elementor-column elementor-col-50 elementor-top-column elementor-element elementor-element-b4dedb5\" data-id=\"b4dedb5\" data-element_type=\"column\" data-e-type=\"column\">\n\t\t\t<div class=\"elementor-widget-wrap elementor-element-populated\">\n\t\t\t\t\t\t<div class=\"elementor-element elementor-element-48ee04d elementor-widget__width-auto elementor-invisible elementor-widget elementor-widget-image\" data-id=\"48ee04d\" data-element_type=\"widget\" data-e-type=\"widget\" data-settings=\"{&quot;_animation&quot;:&quot;fadeInLeft&quot;,&quot;_animation_tablet&quot;:&quot;none&quot;,&quot;_animation_delay&quot;:100}\" data-widget_type=\"image.default\">\n\t\t\t\t<div class=\"elementor-widget-container\">\n\t\t\t\t\t\t\t\t\t\t\t\t\t\t\t<img fetchpriority=\"high\" decoding=\"async\" width=\"470\" height=\"579\" src=\"https:\/\/tkr.makinem.com\/wp-content\/uploads\/2023\/11\/aslazer5-1.jpg\" class=\"attachment-full size-full wp-image-8814\" alt=\"\" srcset=\"https:\/\/tkr.makinem.com\/wp-content\/uploads\/2023\/11\/aslazer5-1.jpg 470w, https:\/\/tkr.makinem.com\/wp-content\/uploads\/2023\/11\/aslazer5-1-244x300.jpg 244w\" sizes=\"(max-width: 470px) 100vw, 470px\" \/>\t\t\t\t\t\t\t\t\t\t\t\t\t\t\t<\/div>\n\t\t\t\t<\/div>\n\t\t\t\t<div class=\"elementor-element elementor-element-2a35de3 elementor-widget-tablet__width-auto elementor-absolute e-transform elementor-widget__width-auto elementor-invisible elementor-widget elementor-widget-text-editor\" data-id=\"2a35de3\" data-element_type=\"widget\" data-e-type=\"widget\" data-settings=\"{&quot;_position&quot;:&quot;absolute&quot;,&quot;_animation&quot;:&quot;fadeInLeft&quot;,&quot;_animation_tablet&quot;:&quot;none&quot;,&quot;_animation_delay&quot;:250,&quot;_transform_rotateZ_effect&quot;:{&quot;unit&quot;:&quot;px&quot;,&quot;size&quot;:90,&quot;sizes&quot;:[]},&quot;_transform_rotateZ_effect_tablet&quot;:{&quot;unit&quot;:&quot;px&quot;,&quot;size&quot;:90,&quot;sizes&quot;:[]},&quot;_transform_rotateZ_effect_mobile&quot;:{&quot;unit&quot;:&quot;deg&quot;,&quot;size&quot;:&quot;&quot;,&quot;sizes&quot;:[]}}\" data-widget_type=\"text-editor.default\">\n\t\t\t\t<div class=\"elementor-widget-container\">\n\t\t\t\t\t\t\t\t\t<p>AS LAZER<\/p>\t\t\t\t\t\t\t\t<\/div>\n\t\t\t\t<\/div>\n\t\t\t\t<div class=\"elementor-element elementor-element-6e87a4b elementor-widget__width-auto elementor-absolute elementor-invisible elementor-widget elementor-widget-image\" data-id=\"6e87a4b\" data-element_type=\"widget\" data-e-type=\"widget\" data-settings=\"{&quot;_position&quot;:&quot;absolute&quot;,&quot;_animation&quot;:&quot;ova-move-left&quot;,&quot;_animation_tablet&quot;:&quot;none&quot;,&quot;_animation_delay&quot;:150}\" data-widget_type=\"image.default\">\n\t\t\t\t<div class=\"elementor-widget-container\">\n\t\t\t\t\t\t\t\t\t\t\t\t\t\t\t<img decoding=\"async\" width=\"470\" height=\"579\" src=\"https:\/\/tkr.makinem.com\/wp-content\/uploads\/2023\/11\/aslazer4.jpg\" class=\"attachment-full size-full wp-image-8811\" alt=\"\" srcset=\"https:\/\/tkr.makinem.com\/wp-content\/uploads\/2023\/11\/aslazer4.jpg 470w, https:\/\/tkr.makinem.com\/wp-content\/uploads\/2023\/11\/aslazer4-244x300.jpg 244w\" sizes=\"(max-width: 470px) 100vw, 470px\" \/>\t\t\t\t\t\t\t\t\t\t\t\t\t\t\t<\/div>\n\t\t\t\t<\/div>\n\t\t\t\t<div class=\"elementor-element elementor-element-09bdde7 elementor-widget__width-auto elementor-absolute e-transform elementor-hidden-tablet elementor-hidden-mobile elementor-widget-divider--view-line elementor-invisible elementor-widget elementor-widget-divider\" data-id=\"09bdde7\" data-element_type=\"widget\" data-e-type=\"widget\" data-settings=\"{&quot;_position&quot;:&quot;absolute&quot;,&quot;_animation&quot;:&quot;ova-flip&quot;,&quot;_animation_tablet&quot;:&quot;none&quot;,&quot;_transform_rotateZ_effect&quot;:{&quot;unit&quot;:&quot;px&quot;,&quot;size&quot;:90,&quot;sizes&quot;:[]},&quot;_transform_rotateZ_effect_tablet&quot;:{&quot;unit&quot;:&quot;deg&quot;,&quot;size&quot;:&quot;&quot;,&quot;sizes&quot;:[]},&quot;_transform_rotateZ_effect_mobile&quot;:{&quot;unit&quot;:&quot;deg&quot;,&quot;size&quot;:&quot;&quot;,&quot;sizes&quot;:[]}}\" data-widget_type=\"divider.default\">\n\t\t\t\t<div class=\"elementor-widget-container\">\n\t\t\t\t\t\t\t<div class=\"elementor-divider\">\n\t\t\t<span class=\"elementor-divider-separator\">\n\t\t\t\t\t\t<\/span>\n\t\t<\/div>\n\t\t\t\t\t\t<\/div>\n\t\t\t\t<\/div>\n\t\t\t\t<div class=\"elementor-element elementor-element-3176c22 elementor-widget__width-auto elementor-absolute elementor-hidden-tablet elementor-hidden-mobile elementor-invisible elementor-widget elementor-widget-text-editor\" data-id=\"3176c22\" data-element_type=\"widget\" data-e-type=\"widget\" data-settings=\"{&quot;_position&quot;:&quot;absolute&quot;,&quot;_animation&quot;:&quot;rotateInUpRight&quot;,&quot;_animation_tablet&quot;:&quot;none&quot;}\" data-widget_type=\"text-editor.default\">\n\t\t\t\t<div class=\"elementor-widget-container\">\n\t\t\t\t\t\t\t\t\t<p>Lazer Kesim \u0130malat<\/p>\t\t\t\t\t\t\t\t<\/div>\n\t\t\t\t<\/div>\n\t\t\t\t\t<\/div>\n\t\t<\/div>\n\t\t\t\t<div class=\"elementor-column elementor-col-50 elementor-top-column elementor-element elementor-element-a7209fa elementor-invisible\" data-id=\"a7209fa\" data-element_type=\"column\" data-e-type=\"column\" data-settings=\"{&quot;animation&quot;:&quot;ova-move-down&quot;,&quot;animation_tablet&quot;:&quot;none&quot;,&quot;animation_delay&quot;:100}\">\n\t\t\t<div class=\"elementor-widget-wrap elementor-element-populated\">\n\t\t\t\t\t\t<div class=\"elementor-element elementor-element-8a2da06 elementor-widget elementor-widget-text-editor\" data-id=\"8a2da06\" data-element_type=\"widget\" data-e-type=\"widget\" data-widget_type=\"text-editor.default\">\n\t\t\t\t<div class=\"elementor-widget-container\">\n\t\t\t\t\t\t\t\t\t<p><span style=\"color: #000000;\">CNC LAZER KES\u0130M,<\/span><br \/><span style=\"color: #000000;\">S\u0130YAH SAC (ST34-44-52), DKP SAC, PR\u0130N\u00c7, BAKIR, HARDOX, PASLANMAZ SAC, AL\u00dcM\u0130NYUM LEVHA KES\u0130MLER\u0130,<\/span><br \/><span style=\"color: #000000;\">CNC ABKANT B\u00dcK\u00dcM,<\/span><br \/><span style=\"color: #000000;\">0,50 MM DEN 10 MM YE KADAR HASSAS B\u00dcK\u00dcM \u0130\u015eLER,<\/span><br \/><span style=\"color: #000000;\">KAYNAKLI \u0130MALAT,<\/span><br \/><span style=\"color: #000000;\">KES\u0130M\u0130 B\u00dcK\u00dcM\u00dc YAPILMI\u015e \u0130\u015eLER\u0130N KAYNAKLI \u0130MALATI, KAYNAKLI B\u0130RLE\u015eT\u0130R\u0130LME \u0130\u015eLEMLER\u0130,<\/span><br \/><span style=\"color: #000000;\">M\u00dcHEND\u0130SL\u0130K H\u0130ZMET\u0130,<\/span><br \/><span style=\"color: #000000;\">M\u00dcHEND\u0130S VE TEKN\u0130K KADROMUZLA PROJELEND\u0130RME, \u00c7\u0130Z\u0130M, SON \u00dcR\u00dcN \u00c7IKINCAYA KADARK\u0130 \u0130\u015eLEMLER\u0130N DANI\u015eMANLI\u011eI VE \u00dcRET\u0130M\u0130,<\/span><\/p>\t\t\t\t\t\t\t\t<\/div>\n\t\t\t\t<\/div>\n\t\t\t\t<div class=\"elementor-element elementor-element-813d411 elementor-widget elementor-widget-button\" data-id=\"813d411\" data-element_type=\"widget\" data-e-type=\"widget\" data-widget_type=\"button.default\">\n\t\t\t\t<div class=\"elementor-widget-container\">\n\t\t\t\t\t\t\t\t\t<div class=\"elementor-button-wrapper\">\n\t\t\t\t\t<a class=\"elementor-button elementor-button-link elementor-size-sm\" href=\"https:\/\/tkr.makinem.com\/index.php\/hakkimizda\/\">\n\t\t\t\t\t\t<span class=\"elementor-button-content-wrapper\">\n\t\t\t\t\t\t\t\t\t<span class=\"elementor-button-text\">Daha Fazla<\/span>\n\t\t\t\t\t<\/span>\n\t\t\t\t\t<\/a>\n\t\t\t\t<\/div>\n\t\t\t\t\t\t\t\t<\/div>\n\t\t\t\t<\/div>\n\t\t\t\t\t<\/div>\n\t\t<\/div>\n\t\t\t\t\t<\/div>\n\t\t<\/section>\n\t\t\t\t<section class=\"elementor-section elementor-top-section elementor-element elementor-element-23ed9af elementor-section-boxed elementor-section-height-default elementor-section-height-default\" data-id=\"23ed9af\" data-element_type=\"section\" data-e-type=\"section\">\n\t\t\t\t\t\t<div class=\"elementor-container elementor-column-gap-no\">\n\t\t\t\t\t<div class=\"elementor-column elementor-col-100 elementor-top-column elementor-element elementor-element-6e0613a\" data-id=\"6e0613a\" data-element_type=\"column\" data-e-type=\"column\">\n\t\t\t<div class=\"elementor-widget-wrap\">\n\t\t\t\t\t\t\t<\/div>\n\t\t<\/div>\n\t\t\t\t\t<\/div>\n\t\t<\/section>\n\t\t\t\t<\/div>\n\t\t","protected":false},"excerpt":{"rendered":"<p>AS LAZER Lazer Kesim \u0130malat CNC LAZER KES\u0130M,S\u0130YAH SAC (ST34-44-52), DKP SAC, PR\u0130N\u00c7, BAKIR, HARDOX, PASLANMAZ SAC, AL\u00dcM\u0130NYUM LEVHA KES\u0130MLER\u0130,CNC ABKANT B\u00dcK\u00dcM,0,50 MM DEN 10 MM YE KADAR HASSAS B\u00dcK\u00dcM \u0130\u015eLER,KAYNAKLI \u0130MALAT,KES\u0130M\u0130 B\u00dcK\u00dcM\u00dc YAPILMI\u015e \u0130\u015eLER\u0130N KAYNAKLI \u0130MALATI, KAYNAKLI B\u0130RLE\u015eT\u0130R\u0130LME \u0130\u015eLEMLER\u0130,M\u00dcHEND\u0130SL\u0130K H\u0130ZMET\u0130,M\u00dcHEND\u0130S VE TEKN\u0130K KADROMUZLA PROJELEND\u0130RME, \u00c7\u0130Z\u0130M, SON \u00dcR\u00dcN \u00c7IKINCAYA KADARK\u0130 \u0130\u015eLEMLER\u0130N DANI\u015eMANLI\u011eI VE \u00dcRET\u0130M\u0130, Daha [&hellip;]<\/p>\n","protected":false},"author":1,"featured_media":0,"parent":0,"menu_order":0,"comment_status":"closed","ping_status":"closed","template":"elementor_header_footer","meta":{"footnotes":""},"class_list":["post-8463","page","type-page","status-publish","hentry"],"_hostinger_reach_plugin_has_subscription_block":false,"_hostinger_reach_plugin_is_elementor":false,"_links":{"self":[{"href":"https:\/\/tkr.makinem.com\/index.php\/wp-json\/wp\/v2\/pages\/8463","targetHints":{"allow":["GET"]}}],"collection":[{"href":"https:\/\/tkr.makinem.com\/index.php\/wp-json\/wp\/v2\/pages"}],"about":[{"href":"https:\/\/tkr.makinem.com\/index.php\/wp-json\/wp\/v2\/types\/page"}],"author":[{"embeddable":true,"href":"https:\/\/tkr.makinem.com\/index.php\/wp-json\/wp\/v2\/users\/1"}],"replies":[{"embeddable":true,"href":"https:\/\/tkr.makinem.com\/index.php\/wp-json\/wp\/v2\/comments?post=8463"}],"version-history":[{"count":119,"href":"https:\/\/tkr.makinem.com\/index.php\/wp-json\/wp\/v2\/pages\/8463\/revisions"}],"predecessor-version":[{"id":9032,"href":"https:\/\/tkr.makinem.com\/index.php\/wp-json\/wp\/v2\/pages\/8463\/revisions\/9032"}],"wp:attachment":[{"href":"https:\/\/tkr.makinem.com\/index.php\/wp-json\/wp\/v2\/media?parent=8463"}],"curies":[{"name":"wp","href":"https:\/\/api.w.org\/{rel}","templated":true}]}}